{"id":7148,"date":"2021-10-11T17:56:41","date_gmt":"2021-10-11T15:56:41","guid":{"rendered":"http:\/\/travelsloth.de\/impressum\/"},"modified":"2023-02-07T21:09:35","modified_gmt":"2023-02-07T20:09:35","slug":"impressum","status":"publish","type":"page","link":"https:\/\/travelsloth.de\/en\/impressum\/","title":{"rendered":"Imprint"},"content":{"rendered":"\n<h1>Impressum<\/h1>\n\n<h2>Angaben gem\u00e4\u00df \u00a7 5 TMG<\/h2>\n<p>Julian Niklaus<br>\nIn den Bohng\u00e4rten 29<br>\n67251 Freinsheim <\/p>\n<h2>Kontakt<\/h2>\n<p>Telefon: 01629612278<br>\nE-Mail: info@travelsloth.de<\/p>\n\n<h2>EU-Streitschlichtung<\/h2>\n<p>Die Europ\u00e4ische Kommission stellt eine Plattform zur Online-Streitbeilegung (OS) bereit: <a href=\"https:\/\/ec.europa.eu\/consumers\/odr\/\" target=\"_blank\" rel=\"noopener noreferrer\">https:\/\/ec.europa.eu\/consumers\/odr\/<\/a>.<br> Unsere E-Mail-Adresse finden Sie oben im Impressum.<\/p>\n\n<h2>Consumer dispute resolution\/universal arbitration board<\/h2>\n<p>We are not willing or obliged to participate in dispute resolution proceedings before a consumer arbitration board.<\/p>\n<p>Attention: I take no responsibility for unsolicited or unannounced mailings of product samples, coupons, press releases or other material for promotional purposes, let alone any obligation to write about them or return the items at my expense. The content that goes on my website is determined only by me.<\/p>\n\n<p>Source: <a href=\"https:\/\/www.e-recht24.de\">e-recht24.de<\/a><\/p>\n","protected":false},"excerpt":{"rendered":"<p>Impressum Angaben gem\u00e4\u00df \u00a7 5 TMG Julian Niklaus In den Bohng\u00e4rten 29 67251 Freinsheim Kontakt Telefon: 01629612278 E-Mail: info@travelsloth.de EU-Streitschlichtung Die Europ\u00e4ische Kommission stellt eine Plattform zur Online-Streitbeilegung (OS) bereit: https:\/\/ec.europa.eu\/consumers\/odr\/. Unsere E-Mail-Adresse finden Sie oben im Impressum. Consumer dispute resolution\/universal arbitration board We are not willing or obliged to participate in dispute resolution proceedings&hellip;<\/p>\n","protected":false},"author":1,"featured_media":0,"parent":0,"menu_order":0,"comment_status":"closed","ping_status":"closed","template":"","meta":{"footnotes":""},"class_list":["post-7148","page","type-page","status-publish","hentry"],"yoast_head":"<!-- This site is optimized with the Yoast SEO plugin v25.8 - https:\/\/yoast.com\/wordpress\/plugins\/seo\/ -->\n<title>Imprint - Travelsloth - Alles f\u00fcr Backpacker &amp; Abenteurer<\/title>\n<meta name=\"robots\" content=\"noindex, follow\" \/>\n<meta property=\"og:locale\" content=\"en_US\" \/>\n<meta property=\"og:type\" content=\"article\" \/>\n<meta property=\"og:title\" content=\"Imprint - Travelsloth - Alles f\u00fcr Backpacker &amp; Abenteurer\" \/>\n<meta property=\"og:description\" content=\"Impressum Angaben gem\u00e4\u00df \u00a7 5 TMG Julian Niklaus In den Bohng\u00e4rten 29 67251 Freinsheim Kontakt Telefon: 01629612278 E-Mail: info@travelsloth.de EU-Streitschlichtung Die Europ\u00e4ische Kommission stellt eine Plattform zur Online-Streitbeilegung (OS) bereit: https:\/\/ec.europa.eu\/consumers\/odr\/. Unsere E-Mail-Adresse finden Sie oben im Impressum. Consumer dispute resolution\/universal arbitration board We are not willing or obliged to participate in dispute resolution proceedings&hellip;\" \/>\n<meta property=\"og:url\" content=\"https:\/\/travelsloth.de\/en\/impressum\/\" \/>\n<meta property=\"og:site_name\" content=\"Travelsloth - Alles f\u00fcr Backpacker &amp; Abenteurer\" \/>\n<meta property=\"article:modified_time\" content=\"2023-02-07T20:09:35+00:00\" \/>\n<meta name=\"twitter:card\" content=\"summary_large_image\" \/>\n<meta name=\"twitter:label1\" content=\"Est. reading time\" \/>\n\t<meta name=\"twitter:data1\" content=\"1 minute\" \/>\n<script type=\"application\/ld+json\" class=\"yoast-schema-graph\">{\"@context\":\"https:\/\/schema.org\",\"@graph\":[{\"@type\":\"WebPage\",\"@id\":\"https:\/\/travelsloth.de\/en\/impressum\/\",\"url\":\"https:\/\/travelsloth.de\/en\/impressum\/\",\"name\":\"Imprint - Travelsloth - Alles f\u00fcr Backpacker &amp; Abenteurer\",\"isPartOf\":{\"@id\":\"https:\/\/travelsloth.de\/en\/#website\"},\"datePublished\":\"2021-10-11T15:56:41+00:00\",\"dateModified\":\"2023-02-07T20:09:35+00:00\",\"breadcrumb\":{\"@id\":\"https:\/\/travelsloth.de\/en\/impressum\/#breadcrumb\"},\"inLanguage\":\"en-US\",\"potentialAction\":[{\"@type\":\"ReadAction\",\"target\":[\"https:\/\/travelsloth.de\/en\/impressum\/\"]}]},{\"@type\":\"BreadcrumbList\",\"@id\":\"https:\/\/travelsloth.de\/en\/impressum\/#breadcrumb\",\"itemListElement\":[{\"@type\":\"ListItem\",\"position\":1,\"name\":\"Startseite\",\"item\":\"https:\/\/travelsloth.de\/en\/\"},{\"@type\":\"ListItem\",\"position\":2,\"name\":\"Imprint\"}]},{\"@type\":\"WebSite\",\"@id\":\"https:\/\/travelsloth.de\/en\/#website\",\"url\":\"https:\/\/travelsloth.de\/en\/\",\"name\":\"Travelsloth - Alles f\u00fcr Backpacker &amp; Abenteurer\",\"description\":\"DER Reiseblog f\u00fcr abenteuerliches Backpacking\",\"potentialAction\":[{\"@type\":\"SearchAction\",\"target\":{\"@type\":\"EntryPoint\",\"urlTemplate\":\"https:\/\/travelsloth.de\/en\/?s={search_term_string}\"},\"query-input\":{\"@type\":\"PropertyValueSpecification\",\"valueRequired\":true,\"valueName\":\"search_term_string\"}}],\"inLanguage\":\"en-US\"}]}<\/script>\n<!-- \/ Yoast SEO plugin. -->","yoast_head_json":{"title":"Imprint - Travelsloth - Alles f\u00fcr Backpacker &amp; Abenteurer","robots":{"index":"noindex","follow":"follow"},"og_locale":"en_US","og_type":"article","og_title":"Imprint - Travelsloth - Alles f\u00fcr Backpacker &amp; Abenteurer","og_description":"Impressum Angaben gem\u00e4\u00df \u00a7 5 TMG Julian Niklaus In den Bohng\u00e4rten 29 67251 Freinsheim Kontakt Telefon: 01629612278 E-Mail: info@travelsloth.de EU-Streitschlichtung Die Europ\u00e4ische Kommission stellt eine Plattform zur Online-Streitbeilegung (OS) bereit: https:\/\/ec.europa.eu\/consumers\/odr\/. Unsere E-Mail-Adresse finden Sie oben im Impressum. Consumer dispute resolution\/universal arbitration board We are not willing or obliged to participate in dispute resolution proceedings&hellip;","og_url":"https:\/\/travelsloth.de\/en\/impressum\/","og_site_name":"Travelsloth - Alles f\u00fcr Backpacker &amp; Abenteurer","article_modified_time":"2023-02-07T20:09:35+00:00","twitter_card":"summary_large_image","twitter_misc":{"Est. reading time":"1 minute"},"schema":{"@context":"https:\/\/schema.org","@graph":[{"@type":"WebPage","@id":"https:\/\/travelsloth.de\/en\/impressum\/","url":"https:\/\/travelsloth.de\/en\/impressum\/","name":"Imprint - Travelsloth - Alles f\u00fcr Backpacker &amp; Abenteurer","isPartOf":{"@id":"https:\/\/travelsloth.de\/en\/#website"},"datePublished":"2021-10-11T15:56:41+00:00","dateModified":"2023-02-07T20:09:35+00:00","breadcrumb":{"@id":"https:\/\/travelsloth.de\/en\/impressum\/#breadcrumb"},"inLanguage":"en-US","potentialAction":[{"@type":"ReadAction","target":["https:\/\/travelsloth.de\/en\/impressum\/"]}]},{"@type":"BreadcrumbList","@id":"https:\/\/travelsloth.de\/en\/impressum\/#breadcrumb","itemListElement":[{"@type":"ListItem","position":1,"name":"Startseite","item":"https:\/\/travelsloth.de\/en\/"},{"@type":"ListItem","position":2,"name":"Imprint"}]},{"@type":"WebSite","@id":"https:\/\/travelsloth.de\/en\/#website","url":"https:\/\/travelsloth.de\/en\/","name":"Travelsloth - Alles f\u00fcr Backpacker &amp; Abenteurer","description":"DER Reiseblog f\u00fcr abenteuerliches Backpacking","potentialAction":[{"@type":"SearchAction","target":{"@type":"EntryPoint","urlTemplate":"https:\/\/travelsloth.de\/en\/?s={search_term_string}"},"query-input":{"@type":"PropertyValueSpecification","valueRequired":true,"valueName":"search_term_string"}}],"inLanguage":"en-US"}]}},"_links":{"self":[{"href":"https:\/\/travelsloth.de\/en\/wp-json\/wp\/v2\/pages\/7148","targetHints":{"allow":["GET"]}}],"collection":[{"href":"https:\/\/travelsloth.de\/en\/wp-json\/wp\/v2\/pages"}],"about":[{"href":"https:\/\/travelsloth.de\/en\/wp-json\/wp\/v2\/types\/page"}],"author":[{"embeddable":true,"href":"https:\/\/travelsloth.de\/en\/wp-json\/wp\/v2\/users\/1"}],"replies":[{"embeddable":true,"href":"https:\/\/travelsloth.de\/en\/wp-json\/wp\/v2\/comments?post=7148"}],"version-history":[{"count":2,"href":"https:\/\/travelsloth.de\/en\/wp-json\/wp\/v2\/pages\/7148\/revisions"}],"predecessor-version":[{"id":7162,"href":"https:\/\/travelsloth.de\/en\/wp-json\/wp\/v2\/pages\/7148\/revisions\/7162"}],"wp:attachment":[{"href":"https:\/\/travelsloth.de\/en\/wp-json\/wp\/v2\/media?parent=7148"}],"curies":[{"name":"wp","href":"https:\/\/api.w.org\/{rel}","templated":true}]}}